{"id":2147,"date":"2022-07-22T16:18:58","date_gmt":"2022-07-22T14:18:58","guid":{"rendered":"http:\/\/dunjouralautre.fr\/?page_id=2147"},"modified":"2025-01-30T11:57:17","modified_gmt":"2025-01-30T10:57:17","slug":"accueil","status":"publish","type":"page","link":"https:\/\/dunjouralautre.fr\/","title":{"rendered":"Accueil"},"content":{"rendered":"\r\n<p class=\"has-black-color has-white-background-color has-text-color has-background\"><span style=\"color: #808080;\">Ce blog pour m&#8217;exprimer et y poser diff\u00e9rents \u00e9l\u00e9ments plus ou moins int\u00e9ressants&#8230;<\/span><\/p>\r\n\r\n\r\n\r\n<figure class=\"wp-block-gallery has-nested-images columns-default is-cropped wp-block-gallery-1 is-layout-flex wp-block-gallery-is-layout-flex\">\r\n<figure class=\"wp-block-image size-large\"><img fetchpriority=\"high\" decoding=\"async\" width=\"855\" height=\"319\" data-id=\"2174\" class=\"wp-image-2174\" src=\"https:\/\/dunjouralautre.fr\/wp-content\/uploads\/2022\/07\/JAUBERT1745.png\" alt=\"\" srcset=\"https:\/\/dunjouralautre.fr\/wp-content\/uploads\/2022\/07\/JAUBERT1745.png 855w, https:\/\/dunjouralautre.fr\/wp-content\/uploads\/2022\/07\/JAUBERT1745-300x112.png 300w, https:\/\/dunjouralautre.fr\/wp-content\/uploads\/2022\/07\/JAUBERT1745-768x287.png 768w, https:\/\/dunjouralautre.fr\/wp-content\/uploads\/2022\/07\/JAUBERT1745-350x131.png 350w\" sizes=\"(max-width: 855px) 100vw, 855px\" \/><\/figure>\r\n\r\n\r\n\r\n<figure class=\"wp-block-image size-large\"><img decoding=\"async\" width=\"678\" height=\"170\" data-id=\"2173\" class=\"wp-image-2173\" src=\"https:\/\/dunjouralautre.fr\/wp-content\/uploads\/2022\/07\/MRemusatPiolle1702.png\" alt=\"\" srcset=\"https:\/\/dunjouralautre.fr\/wp-content\/uploads\/2022\/07\/MRemusatPiolle1702.png 678w, https:\/\/dunjouralautre.fr\/wp-content\/uploads\/2022\/07\/MRemusatPiolle1702-300x75.png 300w, https:\/\/dunjouralautre.fr\/wp-content\/uploads\/2022\/07\/MRemusatPiolle1702-350x88.png 350w\" sizes=\"(max-width: 678px) 100vw, 678px\" \/><\/figure>\r\n\r\n\r\n\r\n<figure class=\"wp-block-image size-large\"><img decoding=\"async\" width=\"919\" height=\"308\" data-id=\"2172\" class=\"wp-image-2172\" src=\"https:\/\/dunjouralautre.fr\/wp-content\/uploads\/2022\/07\/SILVE1674.png\" alt=\"\" srcset=\"https:\/\/dunjouralautre.fr\/wp-content\/uploads\/2022\/07\/SILVE1674.png 919w, https:\/\/dunjouralautre.fr\/wp-content\/uploads\/2022\/07\/SILVE1674-300x101.png 300w, https:\/\/dunjouralautre.fr\/wp-content\/uploads\/2022\/07\/SILVE1674-768x257.png 768w, https:\/\/dunjouralautre.fr\/wp-content\/uploads\/2022\/07\/SILVE1674-350x117.png 350w\" sizes=\"(max-width: 919px) 100vw, 919px\" \/><\/figure>\r\n\r\n\r\n\r\n<figure class=\"wp-block-image size-large\"><img loading=\"lazy\" decoding=\"async\" width=\"835\" height=\"484\" data-id=\"2171\" class=\"wp-image-2171\" src=\"https:\/\/dunjouralautre.fr\/wp-content\/uploads\/2022\/07\/M.PIOLLE-REMUSAT1688.png\" alt=\"\" srcset=\"https:\/\/dunjouralautre.fr\/wp-content\/uploads\/2022\/07\/M.PIOLLE-REMUSAT1688.png 835w, https:\/\/dunjouralautre.fr\/wp-content\/uploads\/2022\/07\/M.PIOLLE-REMUSAT1688-300x174.png 300w, https:\/\/dunjouralautre.fr\/wp-content\/uploads\/2022\/07\/M.PIOLLE-REMUSAT1688-768x445.png 768w, https:\/\/dunjouralautre.fr\/wp-content\/uploads\/2022\/07\/M.PIOLLE-REMUSAT1688-350x203.png 350w\" sizes=\"(max-width: 835px) 100vw, 835px\" \/><\/figure>\r\n\r\n\r\n\r\n<figure class=\"wp-block-image size-large\"><img loading=\"lazy\" decoding=\"async\" width=\"528\" height=\"373\" data-id=\"2170\" class=\"wp-image-2170\" src=\"https:\/\/dunjouralautre.fr\/wp-content\/uploads\/2022\/07\/PIOLLE-REYNAUD17672.png\" alt=\"\" srcset=\"https:\/\/dunjouralautre.fr\/wp-content\/uploads\/2022\/07\/PIOLLE-REYNAUD17672.png 528w, https:\/\/dunjouralautre.fr\/wp-content\/uploads\/2022\/07\/PIOLLE-REYNAUD17672-300x212.png 300w, https:\/\/dunjouralautre.fr\/wp-content\/uploads\/2022\/07\/PIOLLE-REYNAUD17672-350x247.png 350w\" sizes=\"(max-width: 528px) 100vw, 528px\" \/><\/figure>\r\n\r\n\r\n\r\n<figure class=\"wp-block-image size-large\"><img loading=\"lazy\" decoding=\"async\" width=\"554\" height=\"454\" data-id=\"2169\" class=\"wp-image-2169\" src=\"https:\/\/dunjouralautre.fr\/wp-content\/uploads\/2022\/07\/PIOLLE-REYNAUD1767A.png\" alt=\"\" srcset=\"https:\/\/dunjouralautre.fr\/wp-content\/uploads\/2022\/07\/PIOLLE-REYNAUD1767A.png 554w, https:\/\/dunjouralautre.fr\/wp-content\/uploads\/2022\/07\/PIOLLE-REYNAUD1767A-300x246.png 300w, https:\/\/dunjouralautre.fr\/wp-content\/uploads\/2022\/07\/PIOLLE-REYNAUD1767A-350x287.png 350w\" sizes=\"(max-width: 554px) 100vw, 554px\" \/><\/figure>\r\n\r\n\r\n\r\n<figure class=\"wp-block-image size-large\"><img loading=\"lazy\" decoding=\"async\" width=\"724\" height=\"267\" data-id=\"2168\" class=\"wp-image-2168\" src=\"https:\/\/dunjouralautre.fr\/wp-content\/uploads\/2022\/07\/PIOLLE1704A-1.png\" alt=\"\" srcset=\"https:\/\/dunjouralautre.fr\/wp-content\/uploads\/2022\/07\/PIOLLE1704A-1.png 724w, https:\/\/dunjouralautre.fr\/wp-content\/uploads\/2022\/07\/PIOLLE1704A-1-300x111.png 300w, https:\/\/dunjouralautre.fr\/wp-content\/uploads\/2022\/07\/PIOLLE1704A-1-350x129.png 350w\" sizes=\"(max-width: 724px) 100vw, 724px\" \/><\/figure>\r\n\r\n\r\n\r\n<figure class=\"wp-block-image size-large\"><img loading=\"lazy\" decoding=\"async\" width=\"1194\" height=\"432\" data-id=\"2161\" class=\"wp-image-2161\" src=\"https:\/\/dunjouralautre.fr\/wp-content\/uploads\/2022\/07\/IAstier1674.png\" alt=\"\" srcset=\"https:\/\/dunjouralautre.fr\/wp-content\/uploads\/2022\/07\/IAstier1674.png 1194w, https:\/\/dunjouralautre.fr\/wp-content\/uploads\/2022\/07\/IAstier1674-300x109.png 300w, https:\/\/dunjouralautre.fr\/wp-content\/uploads\/2022\/07\/IAstier1674-1024x370.png 1024w, https:\/\/dunjouralautre.fr\/wp-content\/uploads\/2022\/07\/IAstier1674-768x278.png 768w, https:\/\/dunjouralautre.fr\/wp-content\/uploads\/2022\/07\/IAstier1674-350x127.png 350w\" sizes=\"(max-width: 1194px) 100vw, 1194px\" \/><\/figure>\r\n\r\n\r\n\r\n<figure class=\"wp-block-image size-large\"><img loading=\"lazy\" decoding=\"async\" width=\"914\" height=\"308\" data-id=\"2162\" class=\"wp-image-2162\" src=\"https:\/\/dunjouralautre.fr\/wp-content\/uploads\/2022\/07\/JAUBERT1703A.png\" alt=\"\" srcset=\"https:\/\/dunjouralautre.fr\/wp-content\/uploads\/2022\/07\/JAUBERT1703A.png 914w, https:\/\/dunjouralautre.fr\/wp-content\/uploads\/2022\/07\/JAUBERT1703A-300x101.png 300w, https:\/\/dunjouralautre.fr\/wp-content\/uploads\/2022\/07\/JAUBERT1703A-768x259.png 768w, https:\/\/dunjouralautre.fr\/wp-content\/uploads\/2022\/07\/JAUBERT1703A-350x118.png 350w\" sizes=\"(max-width: 914px) 100vw, 914px\" \/><\/figure>\r\n\r\n\r\n\r\n<figure class=\"wp-block-image size-large\"><img loading=\"lazy\" decoding=\"async\" width=\"674\" height=\"317\" data-id=\"2163\" class=\"wp-image-2163\" src=\"https:\/\/dunjouralautre.fr\/wp-content\/uploads\/2022\/07\/BREMUSATREYB1688.png\" alt=\"\" srcset=\"https:\/\/dunjouralautre.fr\/wp-content\/uploads\/2022\/07\/BREMUSATREYB1688.png 674w, https:\/\/dunjouralautre.fr\/wp-content\/uploads\/2022\/07\/BREMUSATREYB1688-300x141.png 300w, https:\/\/dunjouralautre.fr\/wp-content\/uploads\/2022\/07\/BREMUSATREYB1688-350x165.png 350w\" sizes=\"(max-width: 674px) 100vw, 674px\" \/><\/figure>\r\n\r\n\r\n\r\n<figure class=\"wp-block-image size-large\"><img loading=\"lazy\" decoding=\"async\" width=\"570\" height=\"202\" data-id=\"2164\" class=\"wp-image-2164\" src=\"https:\/\/dunjouralautre.fr\/wp-content\/uploads\/2022\/07\/PIOLLE1668.png\" alt=\"\" srcset=\"https:\/\/dunjouralautre.fr\/wp-content\/uploads\/2022\/07\/PIOLLE1668.png 570w, https:\/\/dunjouralautre.fr\/wp-content\/uploads\/2022\/07\/PIOLLE1668-300x106.png 300w, https:\/\/dunjouralautre.fr\/wp-content\/uploads\/2022\/07\/PIOLLE1668-350x124.png 350w\" sizes=\"(max-width: 570px) 100vw, 570px\" \/><\/figure>\r\n\r\n\r\n\r\n<figure class=\"wp-block-image size-large\"><img loading=\"lazy\" decoding=\"async\" width=\"777\" height=\"461\" data-id=\"2165\" class=\"wp-image-2165\" src=\"https:\/\/dunjouralautre.fr\/wp-content\/uploads\/2022\/07\/Reybaud1673.png\" alt=\"\" srcset=\"https:\/\/dunjouralautre.fr\/wp-content\/uploads\/2022\/07\/Reybaud1673.png 777w, https:\/\/dunjouralautre.fr\/wp-content\/uploads\/2022\/07\/Reybaud1673-300x178.png 300w, https:\/\/dunjouralautre.fr\/wp-content\/uploads\/2022\/07\/Reybaud1673-768x456.png 768w, https:\/\/dunjouralautre.fr\/wp-content\/uploads\/2022\/07\/Reybaud1673-350x208.png 350w\" sizes=\"(max-width: 777px) 100vw, 777px\" \/><\/figure>\r\n\r\n\r\n\r\n<figure class=\"wp-block-image size-large\"><img loading=\"lazy\" decoding=\"async\" width=\"724\" height=\"267\" data-id=\"2166\" class=\"wp-image-2166\" src=\"https:\/\/dunjouralautre.fr\/wp-content\/uploads\/2022\/07\/PIOLLE1704A.png\" alt=\"\" srcset=\"https:\/\/dunjouralautre.fr\/wp-content\/uploads\/2022\/07\/PIOLLE1704A.png 724w, https:\/\/dunjouralautre.fr\/wp-content\/uploads\/2022\/07\/PIOLLE1704A-300x111.png 300w, https:\/\/dunjouralautre.fr\/wp-content\/uploads\/2022\/07\/PIOLLE1704A-350x129.png 350w\" sizes=\"(max-width: 724px) 100vw, 724px\" \/><\/figure>\r\n\r\n\r\n\r\n<figure class=\"wp-block-image size-large\"><img loading=\"lazy\" decoding=\"async\" width=\"777\" height=\"461\" data-id=\"2167\" class=\"wp-image-2167\" src=\"https:\/\/dunjouralautre.fr\/wp-content\/uploads\/2022\/07\/Reybaud1673-1.png\" alt=\"\" srcset=\"https:\/\/dunjouralautre.fr\/wp-content\/uploads\/2022\/07\/Reybaud1673-1.png 777w, https:\/\/dunjouralautre.fr\/wp-content\/uploads\/2022\/07\/Reybaud1673-1-300x178.png 300w, https:\/\/dunjouralautre.fr\/wp-content\/uploads\/2022\/07\/Reybaud1673-1-768x456.png 768w, https:\/\/dunjouralautre.fr\/wp-content\/uploads\/2022\/07\/Reybaud1673-1-350x208.png 350w\" sizes=\"(max-width: 777px) 100vw, 777px\" \/><\/figure>\r\n\r\n\r\n\r\n<figure class=\"wp-block-image size-large\"><img loading=\"lazy\" decoding=\"async\" width=\"891\" height=\"215\" data-id=\"2160\" class=\"wp-image-2160\" src=\"https:\/\/dunjouralautre.fr\/wp-content\/uploads\/2022\/07\/IMBERT1655.png\" alt=\"\" srcset=\"https:\/\/dunjouralautre.fr\/wp-content\/uploads\/2022\/07\/IMBERT1655.png 891w, https:\/\/dunjouralautre.fr\/wp-content\/uploads\/2022\/07\/IMBERT1655-300x72.png 300w, https:\/\/dunjouralautre.fr\/wp-content\/uploads\/2022\/07\/IMBERT1655-768x185.png 768w, https:\/\/dunjouralautre.fr\/wp-content\/uploads\/2022\/07\/IMBERT1655-350x84.png 350w\" sizes=\"(max-width: 891px) 100vw, 891px\" \/><\/figure>\r\n\r\n\r\n\r\n<figure class=\"wp-block-image size-large\"><img loading=\"lazy\" decoding=\"async\" width=\"617\" height=\"223\" data-id=\"2159\" class=\"wp-image-2159\" src=\"https:\/\/dunjouralautre.fr\/wp-content\/uploads\/2022\/07\/PIOLLE1704.png\" alt=\"\" srcset=\"https:\/\/dunjouralautre.fr\/wp-content\/uploads\/2022\/07\/PIOLLE1704.png 617w, https:\/\/dunjouralautre.fr\/wp-content\/uploads\/2022\/07\/PIOLLE1704-300x108.png 300w, https:\/\/dunjouralautre.fr\/wp-content\/uploads\/2022\/07\/PIOLLE1704-350x126.png 350w\" sizes=\"(max-width: 617px) 100vw, 617px\" \/><\/figure>\r\n\r\n\r\n\r\n<figure class=\"wp-block-image size-large\"><img loading=\"lazy\" decoding=\"async\" width=\"862\" height=\"225\" data-id=\"2158\" class=\"wp-image-2158\" src=\"https:\/\/dunjouralautre.fr\/wp-content\/uploads\/2022\/07\/BRemusat1682.png\" alt=\"\" srcset=\"https:\/\/dunjouralautre.fr\/wp-content\/uploads\/2022\/07\/BRemusat1682.png 862w, https:\/\/dunjouralautre.fr\/wp-content\/uploads\/2022\/07\/BRemusat1682-300x78.png 300w, https:\/\/dunjouralautre.fr\/wp-content\/uploads\/2022\/07\/BRemusat1682-768x200.png 768w, https:\/\/dunjouralautre.fr\/wp-content\/uploads\/2022\/07\/BRemusat1682-350x91.png 350w\" sizes=\"(max-width: 862px) 100vw, 862px\" \/><\/figure>\r\n\r\n\r\n\r\n<figure class=\"wp-block-image size-large\"><img loading=\"lazy\" decoding=\"async\" width=\"412\" height=\"212\" data-id=\"2157\" class=\"wp-image-2157\" src=\"https:\/\/dunjouralautre.fr\/wp-content\/uploads\/2022\/07\/MRemusat1669.png\" alt=\"\" srcset=\"https:\/\/dunjouralautre.fr\/wp-content\/uploads\/2022\/07\/MRemusat1669.png 412w, https:\/\/dunjouralautre.fr\/wp-content\/uploads\/2022\/07\/MRemusat1669-300x154.png 300w, https:\/\/dunjouralautre.fr\/wp-content\/uploads\/2022\/07\/MRemusat1669-350x180.png 350w\" sizes=\"(max-width: 412px) 100vw, 412px\" \/><\/figure>\r\n\r\n\r\n\r\n<figure class=\"wp-block-image size-large\"><img loading=\"lazy\" decoding=\"async\" width=\"892\" height=\"473\" data-id=\"2156\" class=\"wp-image-2156\" src=\"https:\/\/dunjouralautre.fr\/wp-content\/uploads\/2022\/07\/JAUBERT1703.png\" alt=\"\" srcset=\"https:\/\/dunjouralautre.fr\/wp-content\/uploads\/2022\/07\/JAUBERT1703.png 892w, https:\/\/dunjouralautre.fr\/wp-content\/uploads\/2022\/07\/JAUBERT1703-300x159.png 300w, https:\/\/dunjouralautre.fr\/wp-content\/uploads\/2022\/07\/JAUBERT1703-768x407.png 768w, https:\/\/dunjouralautre.fr\/wp-content\/uploads\/2022\/07\/JAUBERT1703-350x186.png 350w\" sizes=\"(max-width: 892px) 100vw, 892px\" \/><\/figure>\r\n\r\n\r\n\r\n<figure class=\"wp-block-image size-large\"><img loading=\"lazy\" decoding=\"async\" width=\"1129\" height=\"397\" data-id=\"2155\" class=\"wp-image-2155\" src=\"https:\/\/dunjouralautre.fr\/wp-content\/uploads\/2022\/07\/BERAUD1704.png\" alt=\"\" srcset=\"https:\/\/dunjouralautre.fr\/wp-content\/uploads\/2022\/07\/BERAUD1704.png 1129w, https:\/\/dunjouralautre.fr\/wp-content\/uploads\/2022\/07\/BERAUD1704-300x105.png 300w, https:\/\/dunjouralautre.fr\/wp-content\/uploads\/2022\/07\/BERAUD1704-1024x360.png 1024w, https:\/\/dunjouralautre.fr\/wp-content\/uploads\/2022\/07\/BERAUD1704-768x270.png 768w, https:\/\/dunjouralautre.fr\/wp-content\/uploads\/2022\/07\/BERAUD1704-350x123.png 350w\" sizes=\"(max-width: 1129px) 100vw, 1129px\" \/><\/figure>\r\n\r\n\r\n\r\n<figure class=\"wp-block-image size-large\"><img loading=\"lazy\" decoding=\"async\" width=\"739\" height=\"299\" data-id=\"2154\" class=\"wp-image-2154\" src=\"https:\/\/dunjouralautre.fr\/wp-content\/uploads\/2022\/07\/JAUBERT1727.png\" alt=\"\" srcset=\"https:\/\/dunjouralautre.fr\/wp-content\/uploads\/2022\/07\/JAUBERT1727.png 739w, https:\/\/dunjouralautre.fr\/wp-content\/uploads\/2022\/07\/JAUBERT1727-300x121.png 300w, https:\/\/dunjouralautre.fr\/wp-content\/uploads\/2022\/07\/JAUBERT1727-350x142.png 350w\" sizes=\"(max-width: 739px) 100vw, 739px\" \/><\/figure>\r\n\r\n\r\n\r\n<figure class=\"wp-block-image size-large\"><img loading=\"lazy\" decoding=\"async\" width=\"586\" height=\"326\" data-id=\"2151\" class=\"wp-image-2151\" src=\"https:\/\/dunjouralautre.fr\/wp-content\/uploads\/2022\/07\/JFRemusat1717.png\" alt=\"\" srcset=\"https:\/\/dunjouralautre.fr\/wp-content\/uploads\/2022\/07\/JFRemusat1717.png 586w, https:\/\/dunjouralautre.fr\/wp-content\/uploads\/2022\/07\/JFRemusat1717-300x167.png 300w, https:\/\/dunjouralautre.fr\/wp-content\/uploads\/2022\/07\/JFRemusat1717-350x195.png 350w\" sizes=\"(max-width: 586px) 100vw, 586px\" \/><\/figure>\r\n\r\n\r\n\r\n<figure class=\"wp-block-image size-large\"><img loading=\"lazy\" decoding=\"async\" width=\"1100\" height=\"373\" data-id=\"2152\" class=\"wp-image-2152\" src=\"https:\/\/dunjouralautre.fr\/wp-content\/uploads\/2022\/07\/CReybaud1684.png\" alt=\"\" srcset=\"https:\/\/dunjouralautre.fr\/wp-content\/uploads\/2022\/07\/CReybaud1684.png 1100w, https:\/\/dunjouralautre.fr\/wp-content\/uploads\/2022\/07\/CReybaud1684-300x102.png 300w, https:\/\/dunjouralautre.fr\/wp-content\/uploads\/2022\/07\/CReybaud1684-1024x347.png 1024w, https:\/\/dunjouralautre.fr\/wp-content\/uploads\/2022\/07\/CReybaud1684-768x260.png 768w, https:\/\/dunjouralautre.fr\/wp-content\/uploads\/2022\/07\/CReybaud1684-350x119.png 350w\" sizes=\"(max-width: 1100px) 100vw, 1100px\" \/><\/figure>\r\n\r\n\r\n\r\n<figure class=\"wp-block-image size-large\"><img loading=\"lazy\" decoding=\"async\" width=\"806\" height=\"255\" data-id=\"2153\" class=\"wp-image-2153\" src=\"https:\/\/dunjouralautre.fr\/wp-content\/uploads\/2022\/07\/PIOLLE1708.png\" alt=\"\" srcset=\"https:\/\/dunjouralautre.fr\/wp-content\/uploads\/2022\/07\/PIOLLE1708.png 806w, https:\/\/dunjouralautre.fr\/wp-content\/uploads\/2022\/07\/PIOLLE1708-300x95.png 300w, https:\/\/dunjouralautre.fr\/wp-content\/uploads\/2022\/07\/PIOLLE1708-768x243.png 768w, https:\/\/dunjouralautre.fr\/wp-content\/uploads\/2022\/07\/PIOLLE1708-350x111.png 350w\" sizes=\"(max-width: 806px) 100vw, 806px\" \/><\/figure>\r\n<\/figure>\r\n","protected":false},"excerpt":{"rendered":"<p>Ce blog pour m&#8217;exprimer et y poser diff\u00e9rents \u00e9l\u00e9ments plus ou moins int\u00e9ressants&#8230;<\/p>\n","protected":false},"author":1,"featured_media":0,"parent":0,"menu_order":0,"comment_status":"closed","ping_status":"closed","template":"","meta":{"footnotes":""},"class_list":["post-2147","page","type-page","status-publish","hentry"],"_links":{"self":[{"href":"https:\/\/dunjouralautre.fr\/index.php\/wp-json\/wp\/v2\/pages\/2147","targetHints":{"allow":["GET"]}}],"collection":[{"href":"https:\/\/dunjouralautre.fr\/index.php\/wp-json\/wp\/v2\/pages"}],"about":[{"href":"https:\/\/dunjouralautre.fr\/index.php\/wp-json\/wp\/v2\/types\/page"}],"author":[{"embeddable":true,"href":"https:\/\/dunjouralautre.fr\/index.php\/wp-json\/wp\/v2\/users\/1"}],"replies":[{"embeddable":true,"href":"https:\/\/dunjouralautre.fr\/index.php\/wp-json\/wp\/v2\/comments?post=2147"}],"version-history":[{"count":11,"href":"https:\/\/dunjouralautre.fr\/index.php\/wp-json\/wp\/v2\/pages\/2147\/revisions"}],"predecessor-version":[{"id":5470,"href":"https:\/\/dunjouralautre.fr\/index.php\/wp-json\/wp\/v2\/pages\/2147\/revisions\/5470"}],"wp:attachment":[{"href":"https:\/\/dunjouralautre.fr\/index.php\/wp-json\/wp\/v2\/media?parent=2147"}],"curies":[{"name":"wp","href":"https:\/\/api.w.org\/{rel}","templated":true}]}}