{"id":5549,"date":"2025-07-02T09:06:29","date_gmt":"2025-07-02T07:06:29","guid":{"rendered":"https:\/\/dunjouralautre.fr\/?page_id=5549"},"modified":"2025-07-02T09:06:29","modified_gmt":"2025-07-02T07:06:29","slug":"thiolieres-le-projet","status":"publish","type":"page","link":"https:\/\/dunjouralautre.fr\/index.php\/thiolieres-le-projet\/","title":{"rendered":"Thioli\u00e8res, le projet"},"content":{"rendered":"<p>De notre d\u00e9sir de nous installer Ailleurs est n\u00e9 le projet de r\u00e9habiliter la ferme de Thioli\u00e8res, sur la commune de Champ\u00e9ti\u00e8res. Une petite et vieille maison coll\u00e9e \u00e0 une plus grande nous offriront 190m2 sur trois niveaux. Un double garage deviendra un atelier polyvalent et le porche accueillera les v\u00e9hicules.<\/p>\n<p>Une &#8220;grange&#8221; situ\u00e9e sur le porche n&#8217;a pas encore trouv\u00e9 sa destination&#8230;<\/p>\n<p>Une ancienne remise est \u00e0 d\u00e9truire afin de permettre le passage entre les jardins nord et sud.<\/p>\n<p>Les jardins sont \u00e0 cr\u00e9er et am\u00e9nager.<\/p>\n<p>Un hectare de &#8220;friches&#8221; est \u00e0 d\u00e9fricher.<\/p>\n<p>Enfin, un tracteur rouge doit sortir de son long sommeil&#8230;<\/p>\n<p>&nbsp;<\/p>\n<p>&nbsp;<\/p>\n","protected":false},"excerpt":{"rendered":"<p>De notre d\u00e9sir de nous installer Ailleurs est n\u00e9 le projet de r\u00e9habiliter la ferme de Thioli\u00e8res, sur la commune de Champ\u00e9ti\u00e8res. Une petite et vieille maison coll\u00e9e \u00e0 une plus grande nous offriront 190m2 sur trois niveaux. Un double garage deviendra un atelier polyvalent et le porche accueillera les v\u00e9hicules. Une &#8220;grange&#8221; situ\u00e9e sur [&hellip;]<\/p>\n","protected":false},"author":1,"featured_media":0,"parent":0,"menu_order":0,"comment_status":"closed","ping_status":"closed","template":"","meta":{"footnotes":""},"class_list":["post-5549","page","type-page","status-publish","hentry"],"_links":{"self":[{"href":"https:\/\/dunjouralautre.fr\/index.php\/wp-json\/wp\/v2\/pages\/5549","targetHints":{"allow":["GET"]}}],"collection":[{"href":"https:\/\/dunjouralautre.fr\/index.php\/wp-json\/wp\/v2\/pages"}],"about":[{"href":"https:\/\/dunjouralautre.fr\/index.php\/wp-json\/wp\/v2\/types\/page"}],"author":[{"embeddable":true,"href":"https:\/\/dunjouralautre.fr\/index.php\/wp-json\/wp\/v2\/users\/1"}],"replies":[{"embeddable":true,"href":"https:\/\/dunjouralautre.fr\/index.php\/wp-json\/wp\/v2\/comments?post=5549"}],"version-history":[{"count":1,"href":"https:\/\/dunjouralautre.fr\/index.php\/wp-json\/wp\/v2\/pages\/5549\/revisions"}],"predecessor-version":[{"id":5550,"href":"https:\/\/dunjouralautre.fr\/index.php\/wp-json\/wp\/v2\/pages\/5549\/revisions\/5550"}],"wp:attachment":[{"href":"https:\/\/dunjouralautre.fr\/index.php\/wp-json\/wp\/v2\/media?parent=5549"}],"curies":[{"name":"wp","href":"https:\/\/api.w.org\/{rel}","templated":true}]}}