{"id":5733,"date":"2026-03-23T10:40:30","date_gmt":"2026-03-23T09:40:30","guid":{"rendered":"https:\/\/dunjouralautre.fr\/?page_id=5733"},"modified":"2026-05-06T14:19:04","modified_gmt":"2026-05-06T12:19:04","slug":"le-rucher-de-leno","status":"publish","type":"page","link":"https:\/\/dunjouralautre.fr\/index.php\/le-rucher-de-leno\/","title":{"rendered":"Le rucher de Leno"},"content":{"rendered":"<p>Le projet : mettre trois ruches sur une parcelle sous la maison.<\/p>\n<p>1 &#8211; Formation au rucher \u00e9cole de CUNLHAT pour une premi\u00e8re approche des abeilles.<\/p>\n<p><a href=\"https:\/\/dunjouralautre.fr\/wp-content\/uploads\/2026\/03\/J1-11-Les-Hymenopteres.pdf\" target=\"_blank\" rel=\"noopener\">J1-11 &#8211; Les Hym\u00e9nopt\u00e8res<\/a><\/p>\n<p><a href=\"https:\/\/dunjouralautre.fr\/wp-content\/uploads\/2026\/03\/J1-12-La-pollinisation-Patrice-20-.pdf\" target=\"_blank\" rel=\"noopener\">J1-12 &#8211; La pollinisation <\/a><\/p>\n<p><a href=\"https:\/\/dunjouralautre.fr\/wp-content\/uploads\/2026\/03\/J1-13-Labeille-Son-environnement-Son-role-essentiel-Ses-besoins-Louis-45-.pdf\" target=\"_blank\" rel=\"noopener\">J1-13 &#8211; L\u2019abeille &#8211; Son environnement &#8211; Son r\u00f4le et ses besoins<\/a><\/p>\n<p><a href=\"https:\/\/dunjouralautre.fr\/wp-content\/uploads\/2026\/03\/J1-14-Les-differents-modeles-de-ruches-La-ruche-DADANT-Patrice-30-.pdf\" target=\"_blank\" rel=\"noopener\">J1-14 &#8211; Les diff\u00e9rents mod\u00e8les de ruches<\/a><\/p>\n<p><a href=\"https:\/\/dunjouralautre.fr\/wp-content\/uploads\/2026\/03\/J1-15-La-tenue-et-le-petit-materiel-necessaire-a-lapiculteur-Patrice-25-.pdf\" target=\"_blank\" rel=\"noopener\">J1-15 &#8211; La tenue et le petit mat\u00e9riel n\u00e9cessaire \u00e0 l&#8217;apiculteur<\/a><\/p>\n<p><a href=\"https:\/\/dunjouralautre.fr\/wp-content\/uploads\/2026\/03\/J1-16-Lenfumoir-Utilisation-Louis-25-.pdf\" target=\"_blank\" rel=\"noopener\">J1-16 &#8211; L&#8217;enfumoir &#8211; Utilisation<\/a><\/p>\n<p>J&#8217;ai pass\u00e9 en revue les diff\u00e9rents syst\u00e8mes d&#8217;exploitation des abeilles. Le syst\u00e8me de la ruche Warr\u00e9 nous correspond tr\u00e8s bien : faible production, libert\u00e9 et autonomie du cheptel, deux \u00e0 trois visites par an&#8230; bref peu d&#8217;entretien.<\/p>\n<p>Je choisis une ruche Warr\u00e9 en promo chez Naturapi avec 4 \u00e9l\u00e9ments : les deux premiers du bas seront le corps de la ruche et je mettrai au dessus les \u00e9l\u00e9ments pour la production de miel au fur et \u00e0 mesure du d\u00e9veloppement de la ruche. A savoir qu&#8217;un des \u00e9l\u00e9ments est vitr\u00e9 et permet ainsi sans d\u00e9ranger les travailleuses de voir o\u00f9 en est leur bien-\u00eatre et leur production.<\/p>\n<p>Six cadres fil\u00e9s seront au milieu du corps.<\/p>\n<p>Deuxi\u00e8me journ\u00e9e de formation.<\/p>\n<p>Connaissance physiologique de l&#8217;abeille.<\/p>\n<p>Manipulation et observations in situ.<\/p>\n<p><a href=\"https:\/\/dunjouralautre.fr\/wp-content\/uploads\/2026\/04\/J2-VHA3_-Anatomie-et-Morphologie-de-labeille.pdf\" target=\"_blank\" rel=\"noopener\">1 Anatomie et Morphologie de l&#8217;abeille<\/a><\/p>\n<p><a href=\"https:\/\/dunjouralautre.fr\/wp-content\/uploads\/2026\/04\/2-Le-cycle-de-vie-de-labeille.pdf\" target=\"_blank\" rel=\"noopener\">2 Le cycle de vie de l&#8217;abeille<\/a><\/p>\n<p><a href=\"https:\/\/dunjouralautre.fr\/wp-content\/uploads\/2026\/04\/3-Les-acteurs-de-la-colonie-et-leurs-missions.pdf\" target=\"_blank\" rel=\"noopener\">3 Les acteurs de la colonie et leurs missions<\/a><\/p>\n<p><a href=\"https:\/\/dunjouralautre.fr\/wp-content\/uploads\/2026\/04\/4-Visite-de-la-ruche.pdf\" target=\"_blank\" rel=\"noopener\">4 Visite de la ruche<\/a><\/p>\n<p><a href=\"https:\/\/dunjouralautre.fr\/wp-content\/uploads\/2026\/04\/5-Implantation-du-rucher.pdf\" target=\"_blank\" rel=\"noopener\">5 Implantation du rucher<\/a><\/p>\n<p><a href=\"https:\/\/dunjouralautre.fr\/wp-content\/uploads\/2026\/04\/6-La-visite-de-printemps.pdf\" target=\"_blank\" rel=\"noopener\">6 La visite de printemps<\/a><\/p>\n<p><img decoding=\"async\" class=\"alignnone size-full wp-image-5768\" src=\"https:\/\/dunjouralautre.fr\/wp-content\/uploads\/2026\/04\/IMG_20260408_141543.heic\" alt=\"\" \/><img fetchpriority=\"high\" decoding=\"async\" class=\" wp-image-5769 aligncenter\" src=\"https:\/\/dunjouralautre.fr\/wp-content\/uploads\/2026\/04\/IMG_20260408_141543.HEIC_compressed-225x300.jpeg\" alt=\"\" width=\"349\" height=\"465\" srcset=\"https:\/\/dunjouralautre.fr\/wp-content\/uploads\/2026\/04\/IMG_20260408_141543.HEIC_compressed-225x300.jpeg 225w, https:\/\/dunjouralautre.fr\/wp-content\/uploads\/2026\/04\/IMG_20260408_141543.HEIC_compressed-768x1024.jpeg 768w, https:\/\/dunjouralautre.fr\/wp-content\/uploads\/2026\/04\/IMG_20260408_141543.HEIC_compressed-1152x1536.jpeg 1152w, https:\/\/dunjouralautre.fr\/wp-content\/uploads\/2026\/04\/IMG_20260408_141543.HEIC_compressed-262x350.jpeg 262w, https:\/\/dunjouralautre.fr\/wp-content\/uploads\/2026\/04\/IMG_20260408_141543.HEIC_compressed.jpeg 1280w\" sizes=\"(max-width: 349px) 100vw, 349px\" \/><\/p>\n<p>La maison des copines est pr\u00eate. Il ne me reste qu&#8217;\u00e0 trouver les occupantes&#8230;<\/p>\n<p>Les copines seront livrables fin mai. Il s&#8217;agit d&#8217;un essaim avec reine du fr\u00e8re Adam, donc Buckfast sur ruche format Warr\u00e9 ( j&#8217;attends la confirmation ) pour 144\u20ac, ruchette consign\u00e9e \u00e0 50\u20ac.<\/p>\n<p>J&#8217;ai trouv\u00e9 plusieurs sites interessants pour les Warr\u00e9 :<\/p>\n<blockquote class=\"wp-embedded-content\" data-secret=\"HlyCMmza7B\"><p><a href=\"https:\/\/apiculturenaturelle.fr\/les-ruches\/la-ruche-warre\/\">La nouvelle ruche Warr\u00e9<\/a><\/p><\/blockquote>\n<p><iframe class=\"wp-embedded-content\" sandbox=\"allow-scripts\" security=\"restricted\" style=\"position: absolute; visibility: hidden;\" title=\"\u00ab\u00a0La nouvelle ruche Warr\u00e9\u00a0\u00bb &#8212; L&#039;apiculture naturelle\" src=\"https:\/\/apiculturenaturelle.fr\/les-ruches\/la-ruche-warre\/embed\/#?secret=XuZzOqmvDn#?secret=HlyCMmza7B\" data-secret=\"HlyCMmza7B\" width=\"600\" height=\"338\" frameborder=\"0\" marginwidth=\"0\" marginheight=\"0\" scrolling=\"no\"><\/iframe><\/p>\n<p>le forum :\u00a0<a href=\"http:\/\/www.ruchewarre.net\/index.php\">http:\/\/www.ruchewarre.net\/index.php<\/a><\/p>\n<p>La troisi\u00e8me journ\u00e9e de formation s&#8217;est focalis\u00e9e sur l&#8217;essaimage, les divisions, les maladies des abeilles.<\/p>\n<p><a href=\"https:\/\/dunjouralautre.fr\/wp-content\/uploads\/2026\/04\/J3-11-Lessaimage.pdf\" target=\"_blank\" rel=\"noopener\">J3-11 L&#8217;essaimage<\/a><\/p>\n<p><a href=\"https:\/\/dunjouralautre.fr\/wp-content\/uploads\/2026\/04\/J3-12-Les-differentes-cellules-royales.pdf\" target=\"_blank\" rel=\"noopener\">J3-12 Les diff\u00e9rentes cellules royales<\/a><\/p>\n<p><a href=\"https:\/\/dunjouralautre.fr\/wp-content\/uploads\/2026\/04\/J3-13-1-Creations-Multiplication-Divisions.pdf\" target=\"_blank\" rel=\"noopener\">J3-13-1 Cr\u00e9ations &#8211; Multiplication &#8211; Divisions<\/a><\/p>\n<p><a href=\"https:\/\/dunjouralautre.fr\/wp-content\/uploads\/2026\/04\/J3-15-1Piegeage-du-varroa-dans-le-couvain-de-males.pdf\" target=\"_blank\" rel=\"noopener\">J3-15-1Pi\u00e9geage du varroa dans le couvain de m\u00e2les<\/a><\/p>\n<p><a href=\"https:\/\/dunjouralautre.fr\/wp-content\/uploads\/2026\/04\/J3-14-1-Les-maladies-des-abeilles-et-du-couvain.pdf\" target=\"_blank\" rel=\"noopener\">J3-14-1 Les maladies des abeilles et du couvain<\/a><\/p>\n<p>En 1966, on se rend compte que Varroa Jacobsoni (son appelation jusqu&#8217;en 2000. Apr\u00e8s cette date il s&#8217;appelle Varroa Destructor) prolif\u00e8re sur le couvain de males et le couvain d&#8217;ouvri\u00e8res d&#8217;Apis mellifera alors que sur Apis cerena, qui r\u00e9siste \u00e0 ce parasite, il ne se reproduit que sur le couvain de males. Tr\u00e8s vite on se rend compte que c&#8217;est un gros probl\u00e8me et \u00e0 l&#8217;arriv\u00e9e de ce parasite en France au d\u00e9but des ann\u00e9es 1980, il est demand\u00e9 aux apiculteurs de d\u00e9clarer la pr\u00e9sence dans leur rucher : les ruchers sont d\u00e9truits par les pouvoirs publics et tr\u00e8s rapidement les apiculteurs ne d\u00e9clareront plus.<\/p>\n<p>Il se met en place une recherche de mol\u00e9cules pour lutter contre le varroa. Mais les mauvaises pratiques, les doses augment\u00e9es, les contact trop long avec les mol\u00e9cules provoquent la r\u00e9sistance des parasites :<\/p>\n<p>R\u00e9sistance \u00e0 l&#8217;APIVAR, au THYMOL, TOFLUVALINATE, AMITRASE, et l&#8217;id\u00e9e d&#8217;impr\u00e9gner des languettes de bois ins\u00e9r\u00e9e dans la ruche est venue. Seulement une petite population de varroa reste, r\u00e9siste au traitement.<\/p>\n<p>APISTAN sort en 1989 sur des lani\u00e8res, traitement tr\u00e8s on\u00e9reux et 1992 premi\u00e8res r\u00e9sistances au produit.<\/p>\n<p>Alors on essaie l&#8217;AMITRASE (produit insecticide des bovins). Mais il n&#8217;y a pas d&#8217;obligation de traiter le varroa. Les inserts AMITRASE \u00e9taient dangereux masque FFP3&#8230; jusqu&#8217;\u00e0 l&#8217;homologation d&#8217;APIVAR en 1997\/1998<\/p>\n<p>Puis le THYMOL, d\u00e9j\u00e0 utilis\u00e9 en Italie. Traitement qui r\u00e9ussissait dans les ann\u00e9es 2010.<\/p>\n<p>Puis r\u00e9sistance au THYMOL. L&#8217;APIVAR, aide du d\u00e9partement pour traiter les ruches. Puis r\u00e9sistance \u00e0 l&#8217;APIVAR.<\/p>\n<p>Puis l&#8217;ACIDE OXALYQUE, efficace sur les abeilles et pas sur le couvain. M\u00e9thode d&#8217;encagement pour se retrouver hors couvain. Puis on a appris \u00e0 compter les varroas avec du sucre glace. Vision du taux d&#8217;infestation pour savoir s&#8217;il faut traiter ou pas. Observatoire, visites, comptages, les m\u00e9thodes bio-techniques doivent etre mises en oeuvre de fa\u00e7on acad\u00e9mique.<\/p>\n<p>En 2018\/2019, insert de cellulose imbib\u00e9e de GLYCERINE et ACIDE OXALYQUE traitement de 6 semaines ALUEN CAP r\u00e9sultats al\u00e9atoires et r\u00e9sistance qui se d\u00e9veloppe.<\/p>\n<p>Il faut enlever varroa de la ruche. Action m\u00e9canique.<\/p>\n<p>Quel avenir si r\u00e9sistance \u00e0 l&#8217;acide oxalyque ? Retrait de couvain successif.<\/p>\n<p>En voici les m\u00e9thodes :<\/p>\n<p>&nbsp;<\/p>\n<p><em><strong>TRAITEMENT CONTRE LE VARROA AVEC ENCAGEMENT DE LA REINE<a href=\"https:\/\/audioblog.arteradio.com\/blog\/232263\/l-onde-essaimeuse-le-podcast\" target=\"_blank\" rel=\"noopener\">https:\/\/audioblog.arteradio.com\/blog\/232263\/l-onde-essaimeuse-le-podcast<\/a><\/strong><\/em><\/p>\n<p>En montagne, les colonies effectuent une v\u00e9ritable rupture de ponte<\/p>\n<p><strong>L&#8217;encagement de la reine durant 24 jours<\/strong><\/p>\n<p>A J0, chercher la reine et la mettre dans une cage entre les deux premiers cadres de couvain<\/p>\n<p>R\u00e9colter le miel entre J10 et J15 et on peut aussi pr\u00e9lever des cadres pour faire des essaims<\/p>\n<p>Entre J0 et J24, naissance de tout le couvain<\/p>\n<p>A J24 on lib\u00e8re la reine et traitement par d\u00e9gouttement (Varromed, Varroxal, Apibioxal, Oxybee ET DONNER A MANGER ou traitement par sublimation \u00e0 J28<\/p>\n<p>Contr\u00f4le \u00e0 J38 (ponte, r\u00e9serves&#8230;)<\/p>\n<p>&nbsp;<\/p>\n<p><em><strong>TRAITEMENT CONTRE LE VARROA SANS RECHERCHE DE LA REINE<a href=\"https:\/\/youtu.be\/eceGXzot6qs?si=Bp_d0S6VhQ2NsgNp\" target=\"_blank\" rel=\"noopener\">https:\/\/youtu.be\/eceGXzot6qs?si=Bp_d0S6VhQ2NsgNp<\/a><\/strong><\/em><\/p>\n<p>Il faut deux corps de ruche, des cadres de partition et une grille \u00e0 reine.<\/p>\n<p>On pratique en deux temps :<\/p>\n<p><strong>premier temps<\/strong><\/p>\n<p>D&#8217;un corps de ruche B on enl\u00e8ve trois cadres de couvain en faisant attention de ne pas prendre la reine (secouer les abeilles sur le corps) et on place ces trois cadres de couvain dans un autre corps H. On partitionne afin que l&#8217;espace \u00e0 chauffer ne soit pas trop important. On partitionne \u00e9galement le corps du bas B en ne laissant que deux cadres \u00e0 pondre par la reine. On partitionne de fa\u00e7on \u00e0 cr\u00e9er un effet &#8220;chemin\u00e9e&#8221; chaude (tous les cadres du m\u00eame c\u00f4t\u00e9), on pose une grille \u00e0 reine sur B, puis on pose le corps H et enfin on referme.<\/p>\n<p><strong>Cons\u00e9quences<\/strong> : pendant 24 jours la colonie du haut H aura nourri le couvain qui sera n\u00e9 et dans le corps du bas B la reine aura pondu un nouveau couvain qui abritera tout au long des 24 jours tous les varroa.<\/p>\n<p>&nbsp;<\/p>\n<p><strong>second temps :<\/strong><\/p>\n<p>Au 24e jour on descendra le corps du haut H et le placer en bas. On enl\u00e8ve la grille \u00e0 reine et on fait tomber toute la colonie des abeilles avec reine du corps bas B dans le corps haut H (avant de les faire tomber on inspecte les deux cadres \u00e0 la recherche de la reine qu&#8217;on peut facilement trouver puisqu&#8217;il n&#8217;y a que deux cadres). On traite ce corps de ruche \u00e0 l&#8217;ACIDE OXALYQUE par d\u00e9gouttement le jour m\u00eame, on d\u00e9partitionne, on met d&#8217;autres cadres \u00e0 pondre, on nourrit et on ferme la ruche.<\/p>\n<p>On d\u00e9truit tout de suite le couvain du corps B plein de varroa (cong\u00e9lation, feu, poules apr\u00e8s cong\u00e9lation&#8230;)<\/p>\n<p>On r\u00e9it\u00e8re le traitement \u00e0 l&#8217;ACIDE OXALIQUE 4 jours soit au 28e jour.<\/p>\n<p>&nbsp;<\/p>\n<p><b><i>Effets :<\/i><\/b><\/p>\n<p>La reine va pondre un couvain sans varroa et faire na\u00eetre des abeilles non infect\u00e9es qui seront fortes pour passer l&#8217;hiver. C&#8217;est donc un traitement qui s&#8217;effectue en ao\u00fbt pour que la nouvelle ponte s&#8217;effectue en septembre, et les nouvelles abeilles na\u00eetront minimum 21 jours apr\u00e8s, pr\u00eates \u00e0 hiverner.<\/p>\n<p>Il faut reflechir en retro-planning et se dire que si au 10 octobre ma colonie commence \u00e0 hiverner, il faut que la ponte de la reine ait lieu le 19 septembre. Le 19 septembre \u00e9tant le jour 24, il faut que j&#8217;effectue la premi\u00e8re manoeuvre de l&#8217;op\u00e9ration vers le 25 ao\u00fbt, soit deux mois moins quinze jours avant leur hivernation.<\/p>\n<p>Si je pense que ma colonie va commencer \u00e0 hiverner vers le 15 septembre, je d\u00e9buterai l&#8217;op\u00e9ration le 1e ao\u00fbt.<\/p>\n<p>Tout d\u00e9pendra des conditions climatiques.<\/p>\n<p>&nbsp;<\/p>\n<p>Sur le m\u00eame sujet voir\u00a0<a href=\"https:\/\/abeilleduforez.tetraconcept.com\/dossiers-techniques\/sanitaire\/le-varroa\/#:~:text=La%20p%C3%A9riode%20hors%20couvain,mois%2C%20en%20abse\" target=\"_blank\" rel=\"noopener\">https:\/\/abeilleduforez.tetraconcept.com\/dossiers-techniques\/sanitaire\/le-varroa\/#:~:text=La%20p%C3%A9riode%20hors%20couvain,mois%2C%20en%20abse<\/a><\/p>\n","protected":false},"excerpt":{"rendered":"<p>Le projet : mettre trois ruches sur une parcelle sous la maison. 1 &#8211; Formation au rucher \u00e9cole de CUNLHAT pour une premi\u00e8re approche des abeilles. J1-11 &#8211; Les Hym\u00e9nopt\u00e8res J1-12 &#8211; La pollinisation J1-13 &#8211; L\u2019abeille &#8211; Son environnement &#8211; Son r\u00f4le et ses besoins J1-14 &#8211; Les diff\u00e9rents mod\u00e8les de ruches J1-15 &#8211; [&hellip;]<\/p>\n","protected":false},"author":1,"featured_media":0,"parent":0,"menu_order":0,"comment_status":"closed","ping_status":"closed","template":"","meta":{"footnotes":""},"class_list":["post-5733","page","type-page","status-publish","hentry"],"_links":{"self":[{"href":"https:\/\/dunjouralautre.fr\/index.php\/wp-json\/wp\/v2\/pages\/5733","targetHints":{"allow":["GET"]}}],"collection":[{"href":"https:\/\/dunjouralautre.fr\/index.php\/wp-json\/wp\/v2\/pages"}],"about":[{"href":"https:\/\/dunjouralautre.fr\/index.php\/wp-json\/wp\/v2\/types\/page"}],"author":[{"embeddable":true,"href":"https:\/\/dunjouralautre.fr\/index.php\/wp-json\/wp\/v2\/users\/1"}],"replies":[{"embeddable":true,"href":"https:\/\/dunjouralautre.fr\/index.php\/wp-json\/wp\/v2\/comments?post=5733"}],"version-history":[{"count":35,"href":"https:\/\/dunjouralautre.fr\/index.php\/wp-json\/wp\/v2\/pages\/5733\/revisions"}],"predecessor-version":[{"id":5832,"href":"https:\/\/dunjouralautre.fr\/index.php\/wp-json\/wp\/v2\/pages\/5733\/revisions\/5832"}],"wp:attachment":[{"href":"https:\/\/dunjouralautre.fr\/index.php\/wp-json\/wp\/v2\/media?parent=5733"}],"curies":[{"name":"wp","href":"https:\/\/api.w.org\/{rel}","templated":true}]}}